{"id":9293,"date":"2020-02-20T18:13:05","date_gmt":"2020-02-20T23:13:05","guid":{"rendered":"https:\/\/chs.hallco.org\/web\/?page_id=9293"},"modified":"2023-03-02T13:29:52","modified_gmt":"2023-03-02T18:29:52","slug":"stakeholder-survey","status":"publish","type":"page","link":"https:\/\/chs.hallco.org\/web\/stakeholder-survey\/","title":{"rendered":"Stakeholder Survey"},"content":{"rendered":"\n<style type=\"text\/css\" data-created_by=\"avia_inline_auto\" id=\"style-css-av-k6vd6yw9-c6f4a3587816d9cef49d4d13d0e16bbd\">\n#top .av-special-heading.av-k6vd6yw9-c6f4a3587816d9cef49d4d13d0e16bbd{\npadding-bottom:10px;\n}\nbody .av-special-heading.av-k6vd6yw9-c6f4a3587816d9cef49d4d13d0e16bbd .av-special-heading-tag .heading-char{\nfont-size:25px;\n}\n.av-special-heading.av-k6vd6yw9-c6f4a3587816d9cef49d4d13d0e16bbd .av-subheading{\nfont-size:15px;\n}\n<\/style>\n<div  class='av-special-heading av-k6vd6yw9-c6f4a3587816d9cef49d4d13d0e16bbd av-special-heading-h1  avia-builder-el-0  el_before_av_textblock  avia-builder-el-first '><h1 class='av-special-heading-tag '  itemprop=\"headline\"  >Stakeholder Survey &#8211; 2022-2023<\/h1><div class=\"special-heading-border\"><div class=\"special-heading-inner-border\"><\/div><\/div><\/div>\n<section  class='av_textblock_section av-k6vd2jes-11d40577b0d735765576e8ba057389e4 '   itemscope=\"itemscope\" itemtype=\"https:\/\/schema.org\/CreativeWork\" ><div class='avia_textblock'  itemprop=\"text\" ><p><img loading=\"lazy\" decoding=\"async\" class=\"wp-image-9038 alignnone\" src=\"https:\/\/chs.hallco.org\/web\/wp-content\/uploads\/2019\/04\/checklist-2077020_1920-1030x648.jpg\" alt=\"\" width=\"500\" height=\"315\" srcset=\"https:\/\/chs.hallco.org\/web\/wp-content\/uploads\/2019\/04\/checklist-2077020_1920-1030x648.jpg 1030w, https:\/\/chs.hallco.org\/web\/wp-content\/uploads\/2019\/04\/checklist-2077020_1920-300x189.jpg 300w, https:\/\/chs.hallco.org\/web\/wp-content\/uploads\/2019\/04\/checklist-2077020_1920-768x483.jpg 768w, https:\/\/chs.hallco.org\/web\/wp-content\/uploads\/2019\/04\/checklist-2077020_1920-1500x944.jpg 1500w, https:\/\/chs.hallco.org\/web\/wp-content\/uploads\/2019\/04\/checklist-2077020_1920-705x444.jpg 705w, https:\/\/chs.hallco.org\/web\/wp-content\/uploads\/2019\/04\/checklist-2077020_1920-450x283.jpg 450w, https:\/\/chs.hallco.org\/web\/wp-content\/uploads\/2019\/04\/checklist-2077020_1920.jpg 1920w\" sizes=\"auto, (max-width: 500px) 100vw, 500px\" \/><\/p>\n<div><\/div>\n<div>As we continuously seek to improve the Hall County School District, we want to know how you, as a parent\/guardian or family member, feel the schools and the district are doing to meet your needs. The information that you provide will help us evaluate and improve how our schools, families and parents work together to help all students achieve academic success. All information provided is confidential and will be used to assist us with future planning for parent and family engagement activities and events in the district and schools. Your opinions and suggestions are very valuable, and we thank you for your time to complete this survey.<\/div>\n<div>\n<p><a href=\"https:\/\/docs.google.com\/forms\/d\/e\/1FAIpQLSfV3S_1Z-v7sIsZUGiNnw0pE8Xtb19taYnuz2STIBNbnjb7Bg\/viewform\">https:\/\/docs.google.com\/forms\/d\/e\/1FAIpQLSfV3S_1Z-v7sIsZUGiNnw0pE8Xtb19taYnuz2STIBNbnjb7Bg\/viewform\u00a0<\/a><\/p>\n<p>Debido a que continuamente buscamos mejorar el Distrito Escolar del Condado de Hall, queremos saber c\u00f3mo usted, como padre\/tutor o familiar, siente que las escuelas y el distrito est\u00e1n trabajando para satisfacer sus necesidades. La informaci\u00f3n que nos brinde nos ayudar\u00e1 a evaluar y mejorar la manera en el que nuestras escuelas, familias y padres trabajan juntos para ayudar a todos los estudiantes a lograr el \u00e9xito acad\u00e9mico. Toda la informaci\u00f3n provista es confidencial y ser\u00e1 utilizada para la futura planificaci\u00f3n de actividades y eventos de participaci\u00f3n de padres y familias en el distrito y en las escuelas. Sus opiniones y sugerencias son muy valiosaas, le agradecemos por tomarse el tiempo de completar esta encuesta.<\/p>\n<\/div>\n<div><a href=\"https:\/\/docs.google.com\/forms\/d\/e\/1FAIpQLSfV3S_1Z-v7sIsZUGiNnw0pE8Xtb19taYnuz2STIBNbnjb7Bg\/viewform\">https:\/\/docs.google.com\/forms\/d\/e\/1FAIpQLSfV3S_1Z-v7sIsZUGiNnw0pE8Xtb19taYnuz2STIBNbnjb7Bg\/viewform<\/a><\/div>\n<table border=\"0\" cellspacing=\"0\" cellpadding=\"0\">\n<tbody>\n<tr>\n<td valign=\"top\" width=\"389\">\n<div><\/div>\n<div><span style=\"font-family: Calibri,sans-serif; font-size: small;\"><span style=\"font-size: medium;\">\u00a0<\/span><\/span><\/div>\n<\/td>\n<\/tr>\n<tr>\n<td valign=\"top\" width=\"389\">\n<div>\n<table border=\"0\" cellspacing=\"0\" cellpadding=\"0\">\n<tbody>\n<tr>\n<td valign=\"top\" width=\"389\">\n<div><\/div>\n<\/td>\n<\/tr>\n<\/tbody>\n<\/table>\n<\/div>\n<div><span style=\"font-family: Calibri,sans-serif; font-size: small;\"><span style=\"color: #0070c0; font-size: medium;\"><b>\u00a0<\/b><\/span><\/span><\/div>\n<\/td>\n<td valign=\"top\" width=\"389\"><\/td>\n<\/tr>\n<\/tbody>\n<\/table>\n<\/div><\/section>\n","protected":false},"excerpt":{"rendered":"","protected":false},"author":9,"featured_media":0,"parent":0,"menu_order":0,"comment_status":"closed","ping_status":"closed","template":"","meta":{"_monsterinsights_skip_tracking":false,"_monsterinsights_sitenote_active":false,"_monsterinsights_sitenote_note":"","_monsterinsights_sitenote_category":0,"footnotes":""},"class_list":["post-9293","page","type-page","status-publish","hentry"],"_links":{"self":[{"href":"https:\/\/chs.hallco.org\/web\/wp-json\/wp\/v2\/pages\/9293","targetHints":{"allow":["GET"]}}],"collection":[{"href":"https:\/\/chs.hallco.org\/web\/wp-json\/wp\/v2\/pages"}],"about":[{"href":"https:\/\/chs.hallco.org\/web\/wp-json\/wp\/v2\/types\/page"}],"author":[{"embeddable":true,"href":"https:\/\/chs.hallco.org\/web\/wp-json\/wp\/v2\/users\/9"}],"replies":[{"embeddable":true,"href":"https:\/\/chs.hallco.org\/web\/wp-json\/wp\/v2\/comments?post=9293"}],"version-history":[{"count":3,"href":"https:\/\/chs.hallco.org\/web\/wp-json\/wp\/v2\/pages\/9293\/revisions"}],"predecessor-version":[{"id":10548,"href":"https:\/\/chs.hallco.org\/web\/wp-json\/wp\/v2\/pages\/9293\/revisions\/10548"}],"wp:attachment":[{"href":"https:\/\/chs.hallco.org\/web\/wp-json\/wp\/v2\/media?parent=9293"}],"curies":[{"name":"wp","href":"https:\/\/api.w.org\/{rel}","templated":true}]}}